{"id":6340,"date":"2025-10-16T20:19:24","date_gmt":"2025-10-16T20:19:24","guid":{"rendered":"https:\/\/cmy.800.mytemp.website\/?page_id=6340"},"modified":"2025-11-16T06:49:06","modified_gmt":"2025-11-16T06:49:06","slug":"publications","status":"publish","type":"page","link":"https:\/\/levypilotte.com\/en\/publications\/","title":{"rendered":"Publications"},"content":{"rendered":"<p><div class=\"fusion-fullwidth fullwidth-box fusion-builder-row-1 fusion-flex-container has-pattern-background has-mask-background hundred-percent-fullwidth non-hundred-percent-height-scrolling\" style=\"--awb-border-radius-top-left:0px;--awb-border-radius-top-right:0px;--awb-border-radius-bottom-right:0px;--awb-border-radius-bottom-left:0px;--awb-padding-top:0px;--awb-padding-right:0px;--awb-padding-bottom:0px;--awb-padding-left:0px;--awb-margin-top:0px;--awb-margin-bottom:0px;--awb-flex-wrap:wrap;\" ><div class=\"fusion-builder-row fusion-row fusion-flex-align-items-flex-start fusion-flex-content-wrap\" style=\"width:104% !important;max-width:104% !important;margin-left: calc(-4% \/ 2 );margin-right: calc(-4% \/ 2 );\"><div class=\"fusion-layout-column fusion_builder_column fusion-builder-column-0 fusion_builder_column_1_1 1_1 fusion-flex-column\" style=\"--awb-bg-size:cover;--awb-width-large:100%;--awb-margin-top-large:0px;--awb-spacing-right-large:1.92%;--awb-margin-bottom-large:20px;--awb-spacing-left-large:1.92%;--awb-width-medium:100%;--awb-order-medium:0;--awb-spacing-right-medium:1.92%;--awb-spacing-left-medium:1.92%;--awb-width-small:100%;--awb-order-small:0;--awb-spacing-right-small:1.92%;--awb-spacing-left-small:1.92%;\"><div class=\"fusion-column-wrapper fusion-column-has-shadow fusion-flex-justify-content-flex-start fusion-content-layout-column\"><a class=\"fusion-modal-text-link\" href=\"#\">\n<div id=\"bgsection\">\n<p><img decoding=\"async\" id=\"bgimg\" src=\"https:\/\/levypilotte.com\/wp-content\/uploads\/2025\/10\/work-tools-picture-id801035652.jpg\" \/><\/p>\n<div id=\"bggrid\">\n<div id=\"bgbar\">\n<h2>Publications<\/h2>\n<\/div>\n<\/div>\n<\/div>\n<\/a><\/div><\/div><\/div><\/div><div class=\"fusion-fullwidth fullwidth-box fusion-builder-row-2 fusion-flex-container has-pattern-background has-mask-background nonhundred-percent-fullwidth non-hundred-percent-height-scrolling\" style=\"--link_color: #ffffff;--awb-border-radius-top-left:0px;--awb-border-radius-top-right:0px;--awb-border-radius-bottom-right:0px;--awb-border-radius-bottom-left:0px;--awb-margin-top:20px;--awb-background-color:var(--awb-color1);--awb-flex-wrap:wrap;\" ><div class=\"fusion-builder-row fusion-row fusion-flex-align-items-flex-start fusion-flex-content-wrap\" style=\"max-width:1372.8px;margin-left: calc(-4% \/ 2 );margin-right: calc(-4% \/ 2 );\"><div class=\"fusion-layout-column fusion_builder_column fusion-builder-column-1 fusion_builder_column_1_1 1_1 fusion-flex-column\" style=\"--awb-bg-size:cover;--awb-width-large:100%;--awb-margin-top-large:0px;--awb-spacing-right-large:1.92%;--awb-margin-bottom-large:0px;--awb-spacing-left-large:1.92%;--awb-width-medium:100%;--awb-order-medium:0;--awb-spacing-right-medium:1.92%;--awb-spacing-left-medium:1.92%;--awb-width-small:100%;--awb-order-small:0;--awb-spacing-right-small:1.92%;--awb-spacing-left-small:1.92%;\" data-scroll-devices=\"small-visibility,medium-visibility,large-visibility\"><div class=\"fusion-column-wrapper fusion-column-has-shadow fusion-flex-justify-content-flex-start fusion-content-layout-column\"><div class=\"fusion-title title fusion-title-1 fusion-sep-none fusion-title-text fusion-title-size-two\" style=\"--awb-margin-top:20px;\"><h2 class=\"fusion-title-heading title-heading-left sm-text-align-center\" style=\"margin:0;\"><h2 class=\"fusion-title-heading title-heading-left sm-text-align-center fusion-responsive-typography-calculated\" data-fontsize=\"44\" data-lineheight=\"61.6px\">Disclaimer<\/h2><\/h2><\/div><div class=\"fusion-text fusion-text-1\"><p>The information contained on this site is intended to highlight and summarize current topics of interest. Such summaries are not exhaustive discussions of the topics covered. While every effort has been made to provide correct information, inadvertent errors can occur and applicable laws, rules and regulations can change. Additionally, the application of these laws, rules and regulations depend on specific circumstances. Therefore, the information on this site is not intended to serve as legal, accounting or tax advice. Please contact a partner or another professional advisor before acting upon any of the information contained herein. Levy Pilotte disclaims any responsibility for action taken by users of the site in their individual cases or for any misunderstanding on the part of users.<\/p>\n<\/div><\/div><\/div><\/div><\/div>\n<div class=\"fusion-fullwidth fullwidth-box fusion-builder-row-3 fusion-flex-container has-pattern-background has-mask-background nonhundred-percent-fullwidth non-hundred-percent-height-scrolling\" style=\"--awb-border-radius-top-left:0px;--awb-border-radius-top-right:0px;--awb-border-radius-bottom-right:0px;--awb-border-radius-bottom-left:0px;--awb-margin-bottom:100px;--awb-flex-wrap:wrap;\" ><div class=\"fusion-builder-row fusion-row fusion-flex-align-items-flex-start fusion-flex-content-wrap\" style=\"max-width:1372.8px;margin-left: calc(-4% \/ 2 );margin-right: calc(-4% \/ 2 );\"><div class=\"fusion-layout-column fusion_builder_column fusion-builder-column-2 fusion_builder_column_1_1 1_1 fusion-flex-column\" style=\"--awb-bg-size:cover;--awb-width-large:100%;--awb-margin-top-large:30px;--awb-spacing-right-large:1.92%;--awb-margin-bottom-large:0px;--awb-spacing-left-large:1.92%;--awb-width-medium:100%;--awb-order-medium:0;--awb-spacing-right-medium:1.92%;--awb-spacing-left-medium:1.92%;--awb-width-small:100%;--awb-order-small:0;--awb-spacing-right-small:1.92%;--awb-spacing-left-small:1.92%;\"><div class=\"fusion-column-wrapper fusion-column-has-shadow fusion-flex-justify-content-flex-start fusion-content-layout-column\"><div class=\"fusion-separator fusion-no-small-visibility\" style=\"align-self: flex-start;margin-right:auto;width:100%;max-width:282px;\"><div class=\"fusion-separator-border sep-single sep-dotted\" style=\"--awb-height:20px;--awb-amount:20px;--awb-sep-color:var(--awb-color4);border-color:var(--awb-color4);border-top-width:1px;\"><\/div><\/div><div class=\"fusion-text fusion-text-2\"><div class=\"fusion-title title fusion-title-2 fusion-sep-none fusion-title-text fusion-title-size-two\">\n<h2 class=\"fusion-title-heading title-heading-left sm-text-align-center fusion-responsive-typography-calculated\" data-fontsize=\"44\" data-lineheight=\"61.6px\">Our Publications<\/h2>\n<\/div>\n<div class=\"fusion-text fusion-text-2\">\n<p><a href=\"https:\/\/levypilotte.com\/wp-content\/uploads\/2020\/03\/2020-Quebec-budget-summary.pdf\">2020 Quebec budget summary<\/a>\u00a0Here is a link to the recent Quebec budget.<\/p>\n<p><a href=\"https:\/\/levypilotte.com\/wp-content\/uploads\/2019\/03\/Quebec-budget-summary-2019.pdf\">Quebec budget summary \u2013 2019<\/a>\u00a0We have summarized Quebec\u2019s budget recently tabled by Finance Minister Mr. \u00c9ric Girard, a budget designed to honor a number of government commitments to Quebecers\u2019 concerns.<\/p>\n<p><a href=\"https:\/\/levypilotte.com\/wp-content\/uploads\/2019\/03\/Federal-budget-summary-2019.pdf\">Federal budget 2019 \u2013 The summary\u00a0<\/a>Finance minister Bill Morneau tabled Budget 2019 on March 19, which respects in his view the initial commitment announced by the Government to invest in the middle class.<\/p>\n<p><a href=\"https:\/\/levypilotte.com\/wp-content\/uploads\/2018\/12\/Provincial-Fall-Economics-and-Financial-Summary-2018.pdf\">Provincial Fall Economics and Financial Summary 2018<\/a>\u00a0On December 3, 2018, the Qu\u00e9bec Government released its Fall Economic Update to announce concrete actions for putting money back in the pockets of Qu\u00e9bec families and seniors. The government is also taking steps to encourage acceleration of business investments.<\/p>\n<p><a href=\"https:\/\/levypilotte.com\/wp-content\/uploads\/2018\/11\/Fall-Economics-and-Financial-Summary-2018.pdf\">Fall Economics and Financial Summary 2018<\/a>\u00a0<span class=\"TextRun SCXW32519100\" lang=\"EN-US\" xml:lang=\"EN-US\"><span class=\"NormalTextRun SCXW32519100\">On November 21, 2018, the Federal Government released its Fall Economic Statement which<\/span><\/span><span class=\"TextRun SCXW32519100\" lang=\"EN-CA\" xml:lang=\"EN-CA\"><span class=\"NormalTextRun SCXW32519100\">\u00a0intends to introduce a new temporary, non-refundable 15-per-cent tax credit for qualifying subscribers of eligible digital news media.<\/span><\/span><\/p>\n<p><a href=\"https:\/\/levypilotte.com\/wp-content\/uploads\/2018\/03\/2018-2019-Quebec-budget-highlights.pdf\">2018-2019 Quebec budget highlights<\/a>\u00a0The Minister of finances, Mr. Carlos J. Leit\u00e3o presents a balanced budget for the fourth consecutive year. An economic plan that is also beginning to repay the debt.<\/p>\n<p><a href=\"https:\/\/levypilotte.com\/wp-content\/uploads\/2018\/02\/Federal-budget-2018.pdf\">Federal budget 2018<\/a>. Finance Minister Bill Morneau today tabled Budget 2018 on February 27. This budget includes few personal income tax measures, precisions on passive investment income and no measures to facilitate transfer of family businesses.<\/p>\n<p><a href=\"https:\/\/levypilotte.com\/wp-content\/uploads\/2017\/11\/Economic-Statement-October-24-2017.pdf\">Economic Statement October 24, 2017<\/a>\u00a0The Federal Government released its Fall Economic Statement which reaffirmed the announcements in the various media releases from the previous week regarding their July 18th, 2017 proposed changes to the taxation of private corporations.<\/p>\n<p><a href=\"https:\/\/levypilotte.com\/wp-content\/uploads\/2014\/05\/New-Proposed-Tax-Rules-July-2017.pdf\">New Proposed Tax Rules July 2017<\/a>\u00a0Here is the summary of the new tax rules affecting private companies and trusts announced by the Federal Minister of Finance on July 18, 2017.<\/p>\n<p><a href=\"https:\/\/levypilotte.com\/wp-content\/uploads\/2014\/05\/2017-2018-Quebec-budget-summary.pdf\">2017-2018 Quebec budget summary<\/a>\u00a0 The Minister of Finance Carlos J. Leit\u00e3o tabled on March 28, the Qu\u00e9bec Economic Plan for 2017, a third consecutive balanced budget, confirming Qu\u00e9bec\u2019s good economic and financial health.<\/p>\n<p><a href=\"https:\/\/levypilotte.com\/wp-content\/uploads\/2014\/05\/2017-Federal-budget-summary.pdf\">2017 Federal budget summary<\/a>\u00a0Finance Minister Bill Morneau tabled the Government\u2019s second budget, \u00a0<em>Building a Strong Middle Class, \u00a0<\/em>which continues to invest in middle class Canadians.<\/p>\n<p><a href=\"https:\/\/levypilotte.com\/wp-content\/uploads\/2016\/03\/2016-Federal-Budget-summary.pdf\">2016 Federal Budget summary<\/a>\u00a0\u00a0The Minister of Finance, Bill Morneau, tabled on March 22, 2016, the new Government of Canada\u2019s first federal budget,\u00a0<em>Growing the Middle Class<\/em>, a plan that, according to the Government, takes important steps to revitalize the Canadian economy, and delivers real change for the middle class and those working hard to join it.<\/p>\n<p><a href=\"https:\/\/levypilotte.com\/wp-content\/uploads\/2016\/03\/2016-2017-Qu%C3%A9bec-budget-summary.pdf\">2016-2017 Qu\u00e9bec budget summary<\/a>\u00a0Minister of Finance Carlos Leit\u00e3o tabled a second consecutive balanced budget and an economic plan containing measures that, in the opinion of the minister, will enable Qu\u00e9bec to rise to the challenges of tomorrow by addressing the structural issues that are slowing its economic growth.<\/p>\n<p><a href=\"https:\/\/levypilotte.com\/wp-content\/uploads\/2015\/12\/GST-HST-Closely-related-corporation-election.pdf\">GST HST Closely related corporation election<\/a>\u00a0Section 156 of the Excise Tax Act (\u201cETA\u201d) election allows certain taxable supplies (i.e., management fees, sale\/purchase of goods, etc.) among closely related corporations (defined below) deemed to be made for NIL consideration such that no GST is charged and collected.<\/p>\n<p><a href=\"https:\/\/levypilotte.com\/wp-content\/uploads\/2015\/12\/Relev%C3%A931-Revenu-Quebec.pdf\">Relev\u00e931 Revenu Quebec<\/a>\u00a0A new Qu\u00e9bec form, RL-31 \u201c<em>Information about a leased building\u201d<\/em>, comes into effect in 2015. The RL-31 essentially replaces the former RL-4 (\u201cReal Estate Taxes\u201d) that was issued to tenants.<\/p>\n<p><a href=\"https:\/\/levypilotte.com\/wp-content\/uploads\/2014\/05\/2015-Federal-Budget-summary.pdf\">2015-Federal Budget summary<\/a>\u00a0The\u00a0Minister of Finance, Mr. Joe Oliver said: \u201cEconomic Action Plan 2015 is a balanced budget, low-tax plan for jobs and growth, one that works for all Canadians.\u201d<\/p>\n<p><a href=\"https:\/\/levypilotte.com\/wp-content\/uploads\/2014\/05\/2015-2016-Qu%C3%A9bec-budget-summary1.pdf\">2015-2016 Qu\u00e9bec budget summary<\/a>\u00a0The Minister of Finance, Carlos Leit\u00e3o, confirmed in his Budget Speech today that fiscal balance will be restored in 2015-2016.<\/p>\n<p><a href=\"https:\/\/levypilotte.com\/wp-content\/uploads\/2014\/05\/Federal-Update-of-economic-and-fiscal-projections-November-12-2014-.pdf\">Federal \u2013 Update of economic and fiscal projections \u2013 November 12 2014<\/a>\u00a0Finance Minister Joe Oliver today released the annual\u00a0<em>Update of Economic and Fiscal Projections<\/em>, which confirms that the Government remains on track for a balanced budget in 2015.<\/p>\n<p><a href=\"https:\/\/levypilotte.com\/wp-content\/uploads\/2014\/05\/LP-QB-2014-EN.pdf\" target=\"_blank\" rel=\"noopener\">2014-2015 Qu\u00e9bec budget summary\u00a0(PDF)<\/a><br \/>\nBudget 2014-2015 confirms a return to fiscal balance in 2015-2016. It presents the policy directions necessary to restore fiscal balance and reduce the debt, as well as the actions that will be taken to promote job creation and economic growth in Qu\u00e9bec.<\/p>\n<\/div>\n<\/div><div class=\"fusion-separator fusion-no-medium-visibility fusion-no-large-visibility\" style=\"align-self: center;margin-left: auto;margin-right: auto;width:100%;max-width:282px;\"><div class=\"fusion-separator-border sep-single sep-dotted\" style=\"--awb-height:20px;--awb-amount:20px;--awb-sep-color:var(--awb-color4);border-color:var(--awb-color4);border-top-width:1px;\"><\/div><\/div><\/div><\/div><\/div><\/div>\n<\/p>\n","protected":false},"excerpt":{"rendered":"","protected":false},"author":1,"featured_media":0,"parent":0,"menu_order":0,"comment_status":"closed","ping_status":"closed","template":"100-width.php","meta":{"footnotes":""},"class_list":["post-6340","page","type-page","status-publish","hentry"],"_links":{"self":[{"href":"https:\/\/levypilotte.com\/en\/wp-json\/wp\/v2\/pages\/6340","targetHints":{"allow":["GET"]}}],"collection":[{"href":"https:\/\/levypilotte.com\/en\/wp-json\/wp\/v2\/pages"}],"about":[{"href":"https:\/\/levypilotte.com\/en\/wp-json\/wp\/v2\/types\/page"}],"author":[{"embeddable":true,"href":"https:\/\/levypilotte.com\/en\/wp-json\/wp\/v2\/users\/1"}],"replies":[{"embeddable":true,"href":"https:\/\/levypilotte.com\/en\/wp-json\/wp\/v2\/comments?post=6340"}],"version-history":[{"count":5,"href":"https:\/\/levypilotte.com\/en\/wp-json\/wp\/v2\/pages\/6340\/revisions"}],"predecessor-version":[{"id":7179,"href":"https:\/\/levypilotte.com\/en\/wp-json\/wp\/v2\/pages\/6340\/revisions\/7179"}],"wp:attachment":[{"href":"https:\/\/levypilotte.com\/en\/wp-json\/wp\/v2\/media?parent=6340"}],"curies":[{"name":"wp","href":"https:\/\/api.w.org\/{rel}","templated":true}]}}